{"id":376,"date":"2020-09-18T04:17:13","date_gmt":"2020-09-18T04:17:13","guid":{"rendered":"http:\/\/baotangdongque.vn\/?page_id=376"},"modified":"2020-09-18T08:54:49","modified_gmt":"2020-09-18T08:54:49","slug":"trung-bay","status":"publish","type":"page","link":"http:\/\/baotangdongque.vn\/?page_id=376","title":{"rendered":"Tr\u01b0ng b\u00e0y"},"content":{"rendered":"\t<section class=\"section\" id=\"section_1746238613\">\n\t\t<div class=\"bg section-bg fill bg-fill  bg-loaded\" >\n\n\t\t\t\n\t\t\t\n\t\t\t\n\n\t\t<\/div>\n\n\t\t<div class=\"section-content relative\">\n\t\t\t\n\n  <div class=\"banner has-hover\" id=\"banner-712083091\">\n          <div class=\"banner-inner fill\">\n        <div class=\"banner-bg fill\" >\n            <div class=\"bg fill bg-fill \"><\/div>\n                                    \n                    <\/div>\n        <div class=\"banner-layers container\">\n            <div class=\"fill banner-link\"><\/div>            \n        <\/div>\n      <\/div>\n\n            \n<style>\n#banner-712083091 {\n  padding-top: 540px;\n}\n#banner-712083091 .bg.bg-loaded {\n  background-image: url(http:\/\/baotangdongque.vn\/wp-content\/uploads\/2020\/09\/banner-trung-bay.png);\n}\n<\/style>\n  <\/div>\n\n\n\t\t<\/div>\n\n\t\t\n<style>\n#section_1746238613 {\n  padding-top: 30px;\n  padding-bottom: 30px;\n}\n<\/style>\n\t<\/section>\n\t\n\t<section class=\"section\" id=\"section_1277585552\">\n\t\t<div class=\"bg section-bg fill bg-fill  bg-loaded\" >\n\n\t\t\t\n\t\t\t\n\t\t\t\n\n\t\t<\/div>\n\n\t\t<div class=\"section-content relative\">\n\t\t\t\n<div class=\"container section-title-container\" ><h3 class=\"section-title section-title-center\"><b><\/b><span class=\"section-title-main\" >C\u00e1c lo\u1ea1i hi\u1ec7n v\u1eadt<\/span><b><\/b><\/h3><\/div>\n<p style=\"text-align: center;\">B\u1ed9 s\u01b0u t\u1eadp \u0111\u1ed3 s\u1ed9 c\u00e1 c\u1ed5 v\u1eadt &amp; n\u00f4ng c\u1ee5<\/p>\n\n  \n    <div id=\"row-1130520336\" class=\"row large-columns-3 medium-columns- small-columns-1 has-shadow row-box-shadow-2 row-masonry\" data-packery-options='{\"itemSelector\": \".col\", \"gutter\": 0, \"presentageWidth\" : true}'>\n\n  \t\t<div class=\"col post-item\" >\n\t\t\t<div class=\"col-inner\">\n\t\t\t<a href=\"http:\/\/baotangdongque.vn\/?p=1835\" class=\"plain\">\n\t\t\t\t<div class=\"box box-default box-text-bottom box-blog-post has-hover\">\n            \t\t\t\t\t<div class=\"box-image\" >\n  \t\t\t\t\t\t<div class=\"image-cover\" style=\"padding-top:180px;\">\n  \t\t\t\t\t\t\t<img width=\"300\" height=\"400\" src=\"http:\/\/baotangdongque.vn\/wp-content\/uploads\/2026\/02\/bbbb-300x400.jpg\" class=\"attachment-medium size-medium wp-post-image\" alt=\"\" loading=\"lazy\" srcset=\"http:\/\/baotangdongque.vn\/wp-content\/uploads\/2026\/02\/bbbb-300x400.jpg 300w, http:\/\/baotangdongque.vn\/wp-content\/uploads\/2026\/02\/bbbb-600x800.jpg 600w, http:\/\/baotangdongque.vn\/wp-content\/uploads\/2026\/02\/bbbb-768x1024.jpg 768w, http:\/\/baotangdongque.vn\/wp-content\/uploads\/2026\/02\/bbbb.jpg 960w\" sizes=\"(max-width: 300px) 100vw, 300px\" \/>  \t\t\t\t\t\t\t  \t\t\t\t\t\t\t  \t\t\t\t\t\t<\/div>\n  \t\t\t\t\t\t  \t\t\t\t\t<\/div>\n          \t\t\t\t\t<div class=\"box-text text-center\" >\n\t\t\t\t\t<div class=\"box-text-inner blog-post-inner\">\n\n\t\t\t\t\t\n\t\t\t\t\t\t\t\t\t\t<h5 class=\"post-title is-large \">B\u1ea3o T\u00e0ng \u0110\u1ed3ng Qu\u00ea- b\u1ea7u tr\u1eddi k\u00fd \u1ee9c tu\u1ed5i th\u01a1 \u0111\u1eb9p \u0111\u1ebd<\/h5>\n\t\t\t\t\t\t\t\t\t\t<div class=\"is-divider\"><\/div>\n\t\t\t\t\t                    \n\t\t\t\t\t\n\t\t\t\t\t\n\t\t\t\t\t<\/div>\n\t\t\t\t\t<\/div>\n\t\t\t\t\t\t\t\t\t<\/div>\n\t\t\t\t<\/a>\n\t\t\t<\/div>\n\t\t<\/div>\n\t\t<div class=\"col post-item\" >\n\t\t\t<div class=\"col-inner\">\n\t\t\t<a href=\"http:\/\/baotangdongque.vn\/?p=1832\" class=\"plain\">\n\t\t\t\t<div class=\"box box-default box-text-bottom box-blog-post has-hover\">\n            \t\t\t\t\t<div class=\"box-image\" >\n  \t\t\t\t\t\t<div class=\"image-cover\" style=\"padding-top:180px;\">\n  \t\t\t\t\t\t\t<img width=\"300\" height=\"400\" src=\"http:\/\/baotangdongque.vn\/wp-content\/uploads\/2026\/02\/anh-tet-300x400.jpg\" class=\"attachment-medium size-medium wp-post-image\" alt=\"\" loading=\"lazy\" srcset=\"http:\/\/baotangdongque.vn\/wp-content\/uploads\/2026\/02\/anh-tet-300x400.jpg 300w, http:\/\/baotangdongque.vn\/wp-content\/uploads\/2026\/02\/anh-tet-600x800.jpg 600w, http:\/\/baotangdongque.vn\/wp-content\/uploads\/2026\/02\/anh-tet-768x1024.jpg 768w, http:\/\/baotangdongque.vn\/wp-content\/uploads\/2026\/02\/anh-tet.jpg 960w\" sizes=\"(max-width: 300px) 100vw, 300px\" \/>  \t\t\t\t\t\t\t  \t\t\t\t\t\t\t  \t\t\t\t\t\t<\/div>\n  \t\t\t\t\t\t  \t\t\t\t\t<\/div>\n          \t\t\t\t\t<div class=\"box-text text-center\" >\n\t\t\t\t\t<div class=\"box-text-inner blog-post-inner\">\n\n\t\t\t\t\t\n\t\t\t\t\t\t\t\t\t\t<h5 class=\"post-title is-large \">C\u1ea3m t\u01b0\u1edfng kh\u00e1ch tham quan<\/h5>\n\t\t\t\t\t\t\t\t\t\t<div class=\"is-divider\"><\/div>\n\t\t\t\t\t                    \n\t\t\t\t\t\n\t\t\t\t\t\n\t\t\t\t\t<\/div>\n\t\t\t\t\t<\/div>\n\t\t\t\t\t\t\t\t\t<\/div>\n\t\t\t\t<\/a>\n\t\t\t<\/div>\n\t\t<\/div>\n\t\t<div class=\"col post-item\" >\n\t\t\t<div class=\"col-inner\">\n\t\t\t<a href=\"http:\/\/baotangdongque.vn\/?p=1827\" class=\"plain\">\n\t\t\t\t<div class=\"box box-default box-text-bottom box-blog-post has-hover\">\n            \t\t\t\t\t<div class=\"box-image\" >\n  \t\t\t\t\t\t<div class=\"image-cover\" style=\"padding-top:180px;\">\n  \t\t\t\t\t\t\t<img width=\"533\" height=\"400\" src=\"http:\/\/baotangdongque.vn\/wp-content\/uploads\/2025\/11\/z7229082188482_0b5fd1795b9ae6148847ed24119d34da-533x400.jpg\" class=\"attachment-medium size-medium wp-post-image\" alt=\"\" loading=\"lazy\" srcset=\"http:\/\/baotangdongque.vn\/wp-content\/uploads\/2025\/11\/z7229082188482_0b5fd1795b9ae6148847ed24119d34da-533x400.jpg 533w, http:\/\/baotangdongque.vn\/wp-content\/uploads\/2025\/11\/z7229082188482_0b5fd1795b9ae6148847ed24119d34da-1067x800.jpg 1067w, http:\/\/baotangdongque.vn\/wp-content\/uploads\/2025\/11\/z7229082188482_0b5fd1795b9ae6148847ed24119d34da-768x576.jpg 768w, http:\/\/baotangdongque.vn\/wp-content\/uploads\/2025\/11\/z7229082188482_0b5fd1795b9ae6148847ed24119d34da-1536x1152.jpg 1536w, http:\/\/baotangdongque.vn\/wp-content\/uploads\/2025\/11\/z7229082188482_0b5fd1795b9ae6148847ed24119d34da-2048x1536.jpg 2048w\" sizes=\"(max-width: 533px) 100vw, 533px\" \/>  \t\t\t\t\t\t\t  \t\t\t\t\t\t\t  \t\t\t\t\t\t<\/div>\n  \t\t\t\t\t\t  \t\t\t\t\t<\/div>\n          \t\t\t\t\t<div class=\"box-text text-center\" >\n\t\t\t\t\t<div class=\"box-text-inner blog-post-inner\">\n\n\t\t\t\t\t\n\t\t\t\t\t\t\t\t\t\t<h5 class=\"post-title is-large \">\u00f4ng T\u1ea1 V\u0103n H\u1ea1 ph\u00f3 ch\u1ee7 nhi\u1ec7m v\u0103n ph\u00f2ng qu\u1ed1c h\u1ed9i v\u1ec1 th\u0103m quan B\u1ea3o T\u00e0ng \u0110\u1ed3ng Qu\u00ea<\/h5>\n\t\t\t\t\t\t\t\t\t\t<div class=\"is-divider\"><\/div>\n\t\t\t\t\t                    \n\t\t\t\t\t\n\t\t\t\t\t\n\t\t\t\t\t<\/div>\n\t\t\t\t\t<\/div>\n\t\t\t\t\t\t\t\t\t<\/div>\n\t\t\t\t<\/a>\n\t\t\t<\/div>\n\t\t<\/div>\n\t\t<div class=\"col post-item\" >\n\t\t\t<div class=\"col-inner\">\n\t\t\t<a href=\"http:\/\/baotangdongque.vn\/?p=1821\" class=\"plain\">\n\t\t\t\t<div class=\"box box-default box-text-bottom box-blog-post has-hover\">\n            \t\t\t\t\t<div class=\"box-image\" >\n  \t\t\t\t\t\t<div class=\"image-cover\" style=\"padding-top:180px;\">\n  \t\t\t\t\t\t\t<img width=\"533\" height=\"400\" src=\"http:\/\/baotangdongque.vn\/wp-content\/uploads\/2025\/09\/111111111111111-533x400.jpg\" class=\"attachment-medium size-medium wp-post-image\" alt=\"\" loading=\"lazy\" srcset=\"http:\/\/baotangdongque.vn\/wp-content\/uploads\/2025\/09\/111111111111111-533x400.jpg 533w, http:\/\/baotangdongque.vn\/wp-content\/uploads\/2025\/09\/111111111111111-1067x800.jpg 1067w, http:\/\/baotangdongque.vn\/wp-content\/uploads\/2025\/09\/111111111111111-768x576.jpg 768w, http:\/\/baotangdongque.vn\/wp-content\/uploads\/2025\/09\/111111111111111.jpg 1280w\" sizes=\"(max-width: 533px) 100vw, 533px\" \/>  \t\t\t\t\t\t\t  \t\t\t\t\t\t\t  \t\t\t\t\t\t<\/div>\n  \t\t\t\t\t\t  \t\t\t\t\t<\/div>\n          \t\t\t\t\t<div class=\"box-text text-center\" >\n\t\t\t\t\t<div class=\"box-text-inner blog-post-inner\">\n\n\t\t\t\t\t\n\t\t\t\t\t\t\t\t\t\t<h5 class=\"post-title is-large \">Vi\u1ec7n di truy\u1ec1n n\u00f4ng nghi\u1ec7p H\u00e0 N\u1ed9i tham quan B\u1ea3o T\u00e0ng \u0110\u1ed3ng Qu\u00ea<\/h5>\n\t\t\t\t\t\t\t\t\t\t<div class=\"is-divider\"><\/div>\n\t\t\t\t\t                    \n\t\t\t\t\t\n\t\t\t\t\t\n\t\t\t\t\t<\/div>\n\t\t\t\t\t<\/div>\n\t\t\t\t\t\t\t\t\t<\/div>\n\t\t\t\t<\/a>\n\t\t\t<\/div>\n\t\t<\/div>\n\t\t<div class=\"col post-item\" >\n\t\t\t<div class=\"col-inner\">\n\t\t\t<a href=\"http:\/\/baotangdongque.vn\/?p=1813\" class=\"plain\">\n\t\t\t\t<div class=\"box box-default box-text-bottom box-blog-post has-hover\">\n            \t\t\t\t\t<div class=\"box-image\" >\n  \t\t\t\t\t\t<div class=\"image-cover\" style=\"padding-top:180px;\">\n  \t\t\t\t\t\t\t<img width=\"800\" height=\"377\" src=\"http:\/\/baotangdongque.vn\/wp-content\/uploads\/2025\/09\/bh1-800x377.jpg\" class=\"attachment-medium size-medium wp-post-image\" alt=\"\" loading=\"lazy\" srcset=\"http:\/\/baotangdongque.vn\/wp-content\/uploads\/2025\/09\/bh1-800x377.jpg 800w, http:\/\/baotangdongque.vn\/wp-content\/uploads\/2025\/09\/bh1-768x362.jpg 768w, http:\/\/baotangdongque.vn\/wp-content\/uploads\/2025\/09\/bh1.jpg 1080w\" sizes=\"(max-width: 800px) 100vw, 800px\" \/>  \t\t\t\t\t\t\t  \t\t\t\t\t\t\t  \t\t\t\t\t\t<\/div>\n  \t\t\t\t\t\t  \t\t\t\t\t<\/div>\n          \t\t\t\t\t<div class=\"box-text text-center\" >\n\t\t\t\t\t<div class=\"box-text-inner blog-post-inner\">\n\n\t\t\t\t\t\n\t\t\t\t\t\t\t\t\t\t<h5 class=\"post-title is-large \">C\u00f4 H\u1ea1 Ch\u00ed Nh\u00e2n con g\u00e1i nh\u00e0 c\u00e1ch m\u1ea1ng Ho\u00e0ng Qu\u1ed1c Vi\u1ec7t, ng\u01b0\u1eddi \u0111\u01b0\u1ee3c b\u00e1c H\u1ed3 \u0111\u1eb7t t\u00ean, ng\u01b0\u1eddi \u0111\u01b0\u1ee3c B\u1ea3o t\u00e0ng H\u1ed3 Ch\u00ed Minh b\u00ecnh ch\u1ecdn l\u00e0 em b\u00e9 \u0111\u01b0\u1ee3c ch\u1ee5p \u1ea3nh v\u1edbi B\u00e1c nhi\u1ec1u nh\u1ea5t, t\u1eebng l\u00e0 t\u1ed5ng bi\u00ean t\u1eadp \u0111\u1ea7u ti\u00ean c\u1ee7a b\u00e1o VietNamNet, nguy\u00ean l\u00e0 gi\u1ea3ng vi\u00ean c\u1ee7a tr\u01b0\u1eddng \u0110h B\u00e1ch khoa H\u00e0 N\u1ed9i th\u0103m B\u1ea3o T\u00e0ng \u0110\u1ed3ng Qu\u00ea<\/h5>\n\t\t\t\t\t\t\t\t\t\t<div class=\"is-divider\"><\/div>\n\t\t\t\t\t                    \n\t\t\t\t\t\n\t\t\t\t\t\n\t\t\t\t\t<\/div>\n\t\t\t\t\t<\/div>\n\t\t\t\t\t\t\t\t\t<\/div>\n\t\t\t\t<\/a>\n\t\t\t<\/div>\n\t\t<\/div>\n\t\t<div class=\"col post-item\" >\n\t\t\t<div class=\"col-inner\">\n\t\t\t<a href=\"http:\/\/baotangdongque.vn\/?p=1807\" class=\"plain\">\n\t\t\t\t<div class=\"box box-default box-text-bottom box-blog-post has-hover\">\n            \t\t\t\t\t<div class=\"box-image\" >\n  \t\t\t\t\t\t<div class=\"image-cover\" style=\"padding-top:180px;\">\n  \t\t\t\t\t\t\t<img width=\"533\" height=\"400\" src=\"http:\/\/baotangdongque.vn\/wp-content\/uploads\/2025\/03\/di-san-van-hoa-533x400.jpg\" class=\"attachment-medium size-medium wp-post-image\" alt=\"\" loading=\"lazy\" srcset=\"http:\/\/baotangdongque.vn\/wp-content\/uploads\/2025\/03\/di-san-van-hoa-533x400.jpg 533w, http:\/\/baotangdongque.vn\/wp-content\/uploads\/2025\/03\/di-san-van-hoa-1067x800.jpg 1067w, http:\/\/baotangdongque.vn\/wp-content\/uploads\/2025\/03\/di-san-van-hoa-768x576.jpg 768w, http:\/\/baotangdongque.vn\/wp-content\/uploads\/2025\/03\/di-san-van-hoa.jpg 1280w\" sizes=\"(max-width: 533px) 100vw, 533px\" \/>  \t\t\t\t\t\t\t  \t\t\t\t\t\t\t  \t\t\t\t\t\t<\/div>\n  \t\t\t\t\t\t  \t\t\t\t\t<\/div>\n          \t\t\t\t\t<div class=\"box-text text-center\" >\n\t\t\t\t\t<div class=\"box-text-inner blog-post-inner\">\n\n\t\t\t\t\t\n\t\t\t\t\t\t\t\t\t\t<h5 class=\"post-title is-large \">Ch\u1ee7 nh\u1eadt ng\u00e0y 02 th\u00e1ng 3 n\u0103m 2025 v\u1eeba qua, \u0111o\u00e0n g\u1ed3m Ch\u00e1nh v\u0103n ph\u00f2ng S\u1edf V\u0103n ho\u00e1 \u00d4ng V\u0169 H\u1ed3ng Phong, L\u00e3nh \u0111\u1ea1o Ph\u00f2ng V\u0103n ho\u00e1 Ph\u00f9ng Th\u1ecb Qu\u1ef3nh, Tr\u01b0\u1edfng khoa Di s\u1ea3n tr\u01b0\u1eddng \u0110\u1ea1i h\u1ecdc V\u0103n Ho\u00e1 H\u00e0 N\u1ed9i Ts Tr\u1ea7n \u0110\u1ee9c Nguy\u00ean, C\u00e1c gi\u1ea3ng vi\u00ean trong khoa c\u00f9ng c\u00e1c th\u00e0nh vi\u00ean \u0111\u00e3 v\u1ec1 tham quan t\u1ea1i B\u1ea3o t\u00e0ng \u0110\u1ed3ng Qu\u00ea.<\/h5>\n\t\t\t\t\t\t\t\t\t\t<div class=\"is-divider\"><\/div>\n\t\t\t\t\t                    \n\t\t\t\t\t\n\t\t\t\t\t\n\t\t\t\t\t<\/div>\n\t\t\t\t\t<\/div>\n\t\t\t\t\t\t\t\t\t<\/div>\n\t\t\t\t<\/a>\n\t\t\t<\/div>\n\t\t<\/div>\n\t\t<div class=\"col post-item\" >\n\t\t\t<div class=\"col-inner\">\n\t\t\t<a href=\"http:\/\/baotangdongque.vn\/?p=1797\" class=\"plain\">\n\t\t\t\t<div class=\"box box-default box-text-bottom box-blog-post has-hover\">\n            \t\t\t\t\t<div class=\"box-image\" >\n  \t\t\t\t\t\t<div class=\"image-cover\" style=\"padding-top:180px;\">\n  \t\t\t\t\t\t\t<img width=\"533\" height=\"400\" src=\"http:\/\/baotangdongque.vn\/wp-content\/uploads\/2024\/12\/hs-533x400.jpg\" class=\"attachment-medium size-medium wp-post-image\" alt=\"\" loading=\"lazy\" srcset=\"http:\/\/baotangdongque.vn\/wp-content\/uploads\/2024\/12\/hs-533x400.jpg 533w, http:\/\/baotangdongque.vn\/wp-content\/uploads\/2024\/12\/hs-1067x800.jpg 1067w, http:\/\/baotangdongque.vn\/wp-content\/uploads\/2024\/12\/hs-768x576.jpg 768w, http:\/\/baotangdongque.vn\/wp-content\/uploads\/2024\/12\/hs.jpg 1280w\" sizes=\"(max-width: 533px) 100vw, 533px\" \/>  \t\t\t\t\t\t\t  \t\t\t\t\t\t\t  \t\t\t\t\t\t<\/div>\n  \t\t\t\t\t\t  \t\t\t\t\t<\/div>\n          \t\t\t\t\t<div class=\"box-text text-center\" >\n\t\t\t\t\t<div class=\"box-text-inner blog-post-inner\">\n\n\t\t\t\t\t\n\t\t\t\t\t\t\t\t\t\t<h5 class=\"post-title is-large \">Ng\u00e0y 24\/12\/2024, \u0111o\u00e0n c\u00f4ng t\u00e1c h\u1ed9i \u0111\u1ed3ng coi thi h\u1ecdc sinh gi\u1ecfi qu\u1ed1c gia v\u00e0 l\u00e3nh \u0111\u1ea1o s\u1edf gi\u00e1o d\u1ee5c t\u1ec9nh Nam \u0110\u1ecbnh v\u1ec1 th\u0103m quan B\u1ea3o T\u00e0ng \u0110\u1ed3ng Qu\u00ea.<\/h5>\n\t\t\t\t\t\t\t\t\t\t<div class=\"is-divider\"><\/div>\n\t\t\t\t\t                    \n\t\t\t\t\t\n\t\t\t\t\t\n\t\t\t\t\t<\/div>\n\t\t\t\t\t<\/div>\n\t\t\t\t\t\t\t\t\t<\/div>\n\t\t\t\t<\/a>\n\t\t\t<\/div>\n\t\t<\/div>\n\t\t<div class=\"col post-item\" >\n\t\t\t<div class=\"col-inner\">\n\t\t\t<a href=\"http:\/\/baotangdongque.vn\/?p=1780\" class=\"plain\">\n\t\t\t\t<div class=\"box box-default box-text-bottom box-blog-post has-hover\">\n            \t\t\t\t\t<div class=\"box-image\" >\n  \t\t\t\t\t\t<div class=\"image-cover\" style=\"padding-top:180px;\">\n  \t\t\t\t\t\t\t<img width=\"600\" height=\"400\" src=\"http:\/\/baotangdongque.vn\/wp-content\/uploads\/2024\/12\/dl17-600x400.jpg\" class=\"attachment-medium size-medium wp-post-image\" alt=\"\" loading=\"lazy\" srcset=\"http:\/\/baotangdongque.vn\/wp-content\/uploads\/2024\/12\/dl17-600x400.jpg 600w, http:\/\/baotangdongque.vn\/wp-content\/uploads\/2024\/12\/dl17-1200x800.jpg 1200w, http:\/\/baotangdongque.vn\/wp-content\/uploads\/2024\/12\/dl17-768x512.jpg 768w, http:\/\/baotangdongque.vn\/wp-content\/uploads\/2024\/12\/dl17-1536x1024.jpg 1536w, http:\/\/baotangdongque.vn\/wp-content\/uploads\/2024\/12\/dl17-2048x1366.jpg 2048w\" sizes=\"(max-width: 600px) 100vw, 600px\" \/>  \t\t\t\t\t\t\t  \t\t\t\t\t\t\t  \t\t\t\t\t\t<\/div>\n  \t\t\t\t\t\t  \t\t\t\t\t<\/div>\n          \t\t\t\t\t<div class=\"box-text text-center\" >\n\t\t\t\t\t<div class=\"box-text-inner blog-post-inner\">\n\n\t\t\t\t\t\n\t\t\t\t\t\t\t\t\t\t<h5 class=\"post-title is-large \">Ng\u00e0y 21\/2\/21024 \u0111o\u00e0n hi\u1ec7p h\u1ed9i du l\u1ecbch t\u1ec9nh Nam \u0110\u1ecbnh v\u1ec1 th\u0103m quan B\u1ea3o T\u00e0ng \u0110\u1ed3ng Qu\u00ea.<\/h5>\n\t\t\t\t\t\t\t\t\t\t<div class=\"is-divider\"><\/div>\n\t\t\t\t\t                    \n\t\t\t\t\t\n\t\t\t\t\t\n\t\t\t\t\t<\/div>\n\t\t\t\t\t<\/div>\n\t\t\t\t\t\t\t\t\t<\/div>\n\t\t\t\t<\/a>\n\t\t\t<\/div>\n\t\t<\/div>\n<\/div>\n\t\t<\/div>\n\n\t\t\n<style>\n#section_1277585552 {\n  padding-top: 30px;\n  padding-bottom: 30px;\n}\n<\/style>\n\t<\/section>\n\t\n","protected":false},"excerpt":{"rendered":"","protected":false},"author":1,"featured_media":0,"parent":0,"menu_order":0,"comment_status":"closed","ping_status":"closed","template":"page-blank.php","meta":[],"_links":{"self":[{"href":"http:\/\/baotangdongque.vn\/index.php?rest_route=\/wp\/v2\/pages\/376"}],"collection":[{"href":"http:\/\/baotangdongque.vn\/index.php?rest_route=\/wp\/v2\/pages"}],"about":[{"href":"http:\/\/baotangdongque.vn\/index.php?rest_route=\/wp\/v2\/types\/page"}],"author":[{"embeddable":true,"href":"http:\/\/baotangdongque.vn\/index.php?rest_route=\/wp\/v2\/users\/1"}],"replies":[{"embeddable":true,"href":"http:\/\/baotangdongque.vn\/index.php?rest_route=%2Fwp%2Fv2%2Fcomments&post=376"}],"version-history":[{"count":3,"href":"http:\/\/baotangdongque.vn\/index.php?rest_route=\/wp\/v2\/pages\/376\/revisions"}],"predecessor-version":[{"id":399,"href":"http:\/\/baotangdongque.vn\/index.php?rest_route=\/wp\/v2\/pages\/376\/revisions\/399"}],"wp:attachment":[{"href":"http:\/\/baotangdongque.vn\/index.php?rest_route=%2Fwp%2Fv2%2Fmedia&parent=376"}],"curies":[{"name":"wp","href":"https:\/\/api.w.org\/{rel}","templated":true}]}}