{"id":513,"date":"2022-05-31T10:23:25","date_gmt":"2022-05-31T10:23:25","guid":{"rendered":"http:\/\/baotangdongque.vn\/?page_id=513"},"modified":"2022-05-31T13:47:04","modified_gmt":"2022-05-31T13:47:04","slug":"nha-ban-co-nong","status":"publish","type":"page","link":"http:\/\/baotangdongque.vn\/?page_id=513","title":{"rendered":"Nh\u00e0 b\u1ea7n c\u1ed1 n\u00f4ng"},"content":{"rendered":"<div class=\"row\"  id=\"row-162359905\">\n\n\t<div id=\"col-632604750\" class=\"col medium-8 small-12 large-8\"  >\n\t\t<div class=\"col-inner\"  >\n\t\t\t\n\t\t\t\n\t<div class=\"img has-hover x md-x lg-x y md-y lg-y\" id=\"image_92548492\">\n\t\t\t\t\t\t\t\t<div class=\"img-inner image-cover dark\" style=\"padding-top:56.25%;\">\n\t\t\t<img width=\"684\" height=\"381\" src=\"http:\/\/baotangdongque.vn\/wp-content\/uploads\/2022\/05\/nha-ban-co-nong-16-9.jpg\" class=\"attachment-large size-large\" alt=\"nha ban co nong 16-9\" loading=\"lazy\" \/>\t\t\t\t\t\t\n\t\t\t\t\t<\/div>\n\t\t\t\t\t\t\t\t\n<style>\n#image_92548492 {\n  width: 100%;\n}\n<\/style>\n\t<\/div>\n\t\n<h4>Nh\u00e0 b\u1ea7n c\u1ed1 n\u00f4ng<\/h4>\n<p>&#8220;B\u1ea7n c\u1ed1 n\u00f4ng&#8221; l\u00e0 n\u00f3i g\u1ed9p c\u1ee7a hai t\u1eeb &#8220;b\u1ea7n n\u00f4ng&#8221; v\u00e0 &#8220;c\u1ed1 n\u00f4ng&#8221;. B\u1ea7n n\u00f4ng l\u00e0 t\u1ea7ng l\u1edbp n\u00f4ng d\u00e2n ngh\u00e8o th\u1eddi x\u01b0a, kh\u00f4ng c\u00f3 \u0111\u1ee7 ru\u1ed9ng \u0111\u1ea5t v\u00e0 c\u00f4ng c\u1ee5 s\u1ea3n xu\u1ea5t, ph\u1ea3i \u0111i l\u00e0m thu\u00ea ho\u1eb7c l\u0129nh canh. C\u00f2n c\u1ed1 n\u00f4ng hay \u0111i\u1ec1n t\u1ed1t l\u00e0 nh\u1eefng n\u00f4ng d\u00e2n ngh\u00e8o kh\u00f4ng c\u00f3 ru\u1ed9ng \u0111\u1ea5t v\u00e0 c\u00f4ng c\u1ee5 s\u1ea3n xu\u1ea5t, ph\u1ea3i \u0111i l\u00e0m thu\u00ea ho\u1eb7c \u0111i \u1edf \u0111\u1ec3 sinh s\u1ed1ng.<br \/>N\u00f4ng d\u00e2n ngh\u00e8o d\u01b0\u1edbi ch\u1ebf \u0111\u1ed9 c\u0169, kh\u00f4ng c\u00f3 \u0111\u1ee7 ru\u1ed9ng \u0111\u1ea5t v\u00e0 c\u00f4ng c\u1ee5 s\u1ea3n xu\u1ea5t, ph\u1ea3i \u0111i l\u00e0m thu\u00ea ho\u1eb7c l\u0129nh canh.<br \/>B\u1ea7n c\u1ed1 n\u00f4ng hay c\u00f2n c\u00f3 t\u00ean g\u1ecdi qu\u1ed1c t\u1ebf l\u00e0 lao \u0111\u1ed9ng n\u00f4ng nghi\u1ec7p hay c\u00f4ng nh\u00e2n n\u00f4ng nghi\u1ec7p (ti\u1ebfng Anh: farmworker) l\u00e0 m\u1ed9t ng\u01b0\u1eddi lao \u0111\u1ed9ng l\u00e0m thu\u00ea trong n\u00f4ng nghi\u1ec7p cho \u0111\u1ecba ch\u1ee7 v\u00e0 ph\u00fa n\u00f4ng ng\u00e0y tr\u01b0\u1edbc, \u1edf tr\u00ean c\u00e1c c\u00e1nh \u0111\u1ed3ng, \u0111\u1ed3ng ru\u1ed9ng, trang tr\u1ea1i, \u0111\u1ed3n \u0111i\u1ec1n. Tuy nhi\u00ean, trong c\u00e1c cu\u1ed9c tranh lu\u1eadn li\u00ean quan \u0111\u1ebfn vi\u1ec7c \u00e1p d\u1ee5ng lu\u1eadt lao \u0111\u1ed9ng, thu\u1eadt ng\u1eef &#8220;b\u1ea7n c\u1ed1 n\u00f4ng&#8221; hay &#8220;lao \u0111\u1ed9ng n\u00f4ng nghi\u1ec7p&#8221; \u0111\u00f4i khi \u0111\u01b0\u1ee3c d\u00f9ng theo ngh\u0129a h\u1eb9p h\u01a1n v\u00e0 ch\u1ec9 \u00e1p d\u1ee5ng cho ng\u01b0\u1eddi l\u00e0m thu\u00ea tham gia v\u00e0o qu\u00e1 tr\u00ecnh s\u1ea3n xu\u1ea5t n\u00f4ng nghi\u1ec7p nh\u01b0 thu ho\u1ea1ch, g\u1eb7t h\u00e1i ch\u1ee9 kh\u00f4ng ph\u1ea3i ng\u01b0\u1eddi l\u00e0m c\u00e1c c\u00f4ng vi\u1ec7c kh\u00e1c tr\u00ean c\u00e1nh \u0111\u1ed3ng, n\u00f4ng tr\u1ea1i nh\u01b0 \u0111\u00f3ng g\u00f3i.<\/p>\n\t\t<\/div>\n\t\t\t<\/div>\n\n\t\n\n\t<div id=\"col-2029605945\" class=\"col medium-4 small-12 large-4\"  >\n\t\t<div class=\"col-inner\"  >\n\t\t\t\n\t\t\t\n\t<div class=\"img has-hover x md-x lg-x y md-y lg-y\" id=\"image_1989208253\">\n\t\t\t\t\t\t\t\t<div class=\"img-inner image-cover dark\" style=\"padding-top:56.25%;\">\n\t\t\t<img width=\"600\" height=\"450\" src=\"http:\/\/baotangdongque.vn\/wp-content\/uploads\/2020\/09\/nha-ban-nong.png\" class=\"attachment-large size-large\" alt=\"\" loading=\"lazy\" srcset=\"http:\/\/baotangdongque.vn\/wp-content\/uploads\/2020\/09\/nha-ban-nong.png 600w, http:\/\/baotangdongque.vn\/wp-content\/uploads\/2020\/09\/nha-ban-nong-533x400.png 533w\" sizes=\"(max-width: 600px) 100vw, 600px\" \/>\t\t\t\t\t\t\n\t\t\t\t\t<\/div>\n\t\t\t\t\t\t\t\t\n<style>\n#image_1989208253 {\n  width: 100%;\n}\n<\/style>\n\t<\/div>\n\t\n<h4><a href=\"http:\/\/baotangdongque.vn\/?page_id=543\">Nh\u00e0 b\u1ea7n n\u00f4ng<\/a><\/h4>\n\t<div class=\"img has-hover x md-x lg-x y md-y lg-y\" id=\"image_1457451243\">\n\t\t\t\t\t\t\t\t<div class=\"img-inner image-cover dark\" style=\"padding-top:56.25%;\">\n\t\t\t<img width=\"600\" height=\"450\" src=\"http:\/\/baotangdongque.vn\/wp-content\/uploads\/2020\/09\/nha-trung-nong.png\" class=\"attachment-large size-large\" alt=\"\" loading=\"lazy\" srcset=\"http:\/\/baotangdongque.vn\/wp-content\/uploads\/2020\/09\/nha-trung-nong.png 600w, http:\/\/baotangdongque.vn\/wp-content\/uploads\/2020\/09\/nha-trung-nong-533x400.png 533w\" sizes=\"(max-width: 600px) 100vw, 600px\" \/>\t\t\t\t\t\t\n\t\t\t\t\t<\/div>\n\t\t\t\t\t\t\t\t\n<style>\n#image_1457451243 {\n  width: 100%;\n}\n<\/style>\n\t<\/div>\n\t\n<h4><a href=\"http:\/\/baotangdongque.vn\/?page_id=544\">Nh\u00e0 trung n\u00f4ng<\/a><\/h4>\n\t<div class=\"img has-hover x md-x lg-x y md-y lg-y\" id=\"image_1653483317\">\n\t\t\t\t\t\t\t\t<div class=\"img-inner image-cover dark\" style=\"padding-top:56.25%;\">\n\t\t\t<img width=\"600\" height=\"450\" src=\"http:\/\/baotangdongque.vn\/wp-content\/uploads\/2020\/09\/nha-dia-chu.png\" class=\"attachment-large size-large\" alt=\"\" loading=\"lazy\" srcset=\"http:\/\/baotangdongque.vn\/wp-content\/uploads\/2020\/09\/nha-dia-chu.png 600w, http:\/\/baotangdongque.vn\/wp-content\/uploads\/2020\/09\/nha-dia-chu-533x400.png 533w\" sizes=\"(max-width: 600px) 100vw, 600px\" \/>\t\t\t\t\t\t\n\t\t\t\t\t<\/div>\n\t\t\t\t\t\t\t\t\n<style>\n#image_1653483317 {\n  width: 100%;\n}\n<\/style>\n\t<\/div>\n\t\n<h4><a href=\"http:\/\/baotangdongque.vn\/?page_id=545\">Nh\u00e0 \u0111\u1ecba ch\u1ee7<\/a><\/h4>\n\t\t<\/div>\n\t\t\t<\/div>\n\n\t\n<\/div>\n<div class=\"row\"  id=\"row-1748819398\">\n\n\t<div id=\"col-200727942\" class=\"col small-12 large-12\"  >\n\t\t<div class=\"col-inner\"  >\n\t\t\t\n\t\t\t\n<h4 class=\"uppercase\">Th\u01b0 vi\u1ec7n \u1ea3nh<\/h4>\n\n  \n    <div class=\"row large-columns-4 medium-columns-3 small-columns-2 slider row-slider slider-nav-circle slider-nav-light\"  data-flickity-options='{\"imagesLoaded\": true, \"groupCells\": \"100%\", \"dragThreshold\" : 5, \"cellAlign\": \"left\",\"wrapAround\": true,\"prevNextButtons\": true,\"percentPosition\": true,\"pageDots\": false, \"rightToLeft\": false, \"autoPlay\" : false}'>\n\n          <div class=\"gallery-col col\" >\n          <div class=\"col-inner\">\n            <a class=\"image-lightbox lightbox-gallery\" href=\"http:\/\/baotangdongque.vn\/wp-content\/uploads\/2022\/05\/thu-vien-anh-1.png\" title=\"\">            <div class=\"box has-hover gallery-box box-overlay dark\">\n              <div class=\"box-image\" >\n                <img width=\"506\" height=\"338\" src=\"http:\/\/baotangdongque.vn\/wp-content\/uploads\/2022\/05\/thu-vien-anh-1.png\" class=\"attachment-medium size-medium\" alt=\"\" loading=\"lazy\" ids=\"538,539,540,541,515\" type=\"slider\" slider_nav_style=\"circle\" slider_nav_color=\"light\" \/>                                  <div class=\"overlay fill\"\n                      style=\"background-color: rgba(0,0,0,.15)\">\n                  <\/div>\n                                                              <\/div>\n              <div class=\"box-text text-left\" >\n                 <p><\/p>\n              <\/div>\n            <\/div>\n            <\/a>          <\/div>\n         <\/div>\n                 <div class=\"gallery-col col\" >\n          <div class=\"col-inner\">\n            <a class=\"image-lightbox lightbox-gallery\" href=\"http:\/\/baotangdongque.vn\/wp-content\/uploads\/2022\/05\/thu-vien-anh-2.png\" title=\"\">            <div class=\"box has-hover gallery-box box-overlay dark\">\n              <div class=\"box-image\" >\n                <img width=\"506\" height=\"338\" src=\"http:\/\/baotangdongque.vn\/wp-content\/uploads\/2022\/05\/thu-vien-anh-2.png\" class=\"attachment-medium size-medium\" alt=\"\" loading=\"lazy\" ids=\"538,539,540,541,515\" type=\"slider\" slider_nav_style=\"circle\" slider_nav_color=\"light\" \/>                                  <div class=\"overlay fill\"\n                      style=\"background-color: rgba(0,0,0,.15)\">\n                  <\/div>\n                                                              <\/div>\n              <div class=\"box-text text-left\" >\n                 <p><\/p>\n              <\/div>\n            <\/div>\n            <\/a>          <\/div>\n         <\/div>\n                 <div class=\"gallery-col col\" >\n          <div class=\"col-inner\">\n            <a class=\"image-lightbox lightbox-gallery\" href=\"http:\/\/baotangdongque.vn\/wp-content\/uploads\/2022\/05\/thu-vien-anh-3.png\" title=\"\">            <div class=\"box has-hover gallery-box box-overlay dark\">\n              <div class=\"box-image\" >\n                <img width=\"506\" height=\"338\" src=\"http:\/\/baotangdongque.vn\/wp-content\/uploads\/2022\/05\/thu-vien-anh-3.png\" class=\"attachment-medium size-medium\" alt=\"\" loading=\"lazy\" ids=\"538,539,540,541,515\" type=\"slider\" slider_nav_style=\"circle\" slider_nav_color=\"light\" \/>                                  <div class=\"overlay fill\"\n                      style=\"background-color: rgba(0,0,0,.15)\">\n                  <\/div>\n                                                              <\/div>\n              <div class=\"box-text text-left\" >\n                 <p><\/p>\n              <\/div>\n            <\/div>\n            <\/a>          <\/div>\n         <\/div>\n                 <div class=\"gallery-col col\" >\n          <div class=\"col-inner\">\n            <a class=\"image-lightbox lightbox-gallery\" href=\"http:\/\/baotangdongque.vn\/wp-content\/uploads\/2022\/05\/thu-vien-anh-4.png\" title=\"\">            <div class=\"box has-hover gallery-box box-overlay dark\">\n              <div class=\"box-image\" >\n                <img width=\"506\" height=\"338\" src=\"http:\/\/baotangdongque.vn\/wp-content\/uploads\/2022\/05\/thu-vien-anh-4.png\" class=\"attachment-medium size-medium\" alt=\"\" loading=\"lazy\" ids=\"538,539,540,541,515\" type=\"slider\" slider_nav_style=\"circle\" slider_nav_color=\"light\" \/>                                  <div class=\"overlay fill\"\n                      style=\"background-color: rgba(0,0,0,.15)\">\n                  <\/div>\n                                                              <\/div>\n              <div class=\"box-text text-left\" >\n                 <p><\/p>\n              <\/div>\n            <\/div>\n            <\/a>          <\/div>\n         <\/div>\n                 <div class=\"gallery-col col\" >\n          <div class=\"col-inner\">\n            <a class=\"image-lightbox lightbox-gallery\" href=\"http:\/\/baotangdongque.vn\/wp-content\/uploads\/2022\/05\/nha-ban-co-nong-16-9.jpg\" title=\"\">            <div class=\"box has-hover gallery-box box-overlay dark\">\n              <div class=\"box-image\" >\n                <img width=\"684\" height=\"381\" src=\"http:\/\/baotangdongque.vn\/wp-content\/uploads\/2022\/05\/nha-ban-co-nong-16-9.jpg\" class=\"attachment-medium size-medium\" alt=\"nha ban co nong 16-9\" loading=\"lazy\" ids=\"538,539,540,541,515\" type=\"slider\" slider_nav_style=\"circle\" slider_nav_color=\"light\" \/>                                  <div class=\"overlay fill\"\n                      style=\"background-color: rgba(0,0,0,.15)\">\n                  <\/div>\n                                                              <\/div>\n              <div class=\"box-text text-left\" >\n                 <p><\/p>\n              <\/div>\n            <\/div>\n            <\/a>          <\/div>\n         <\/div>\n         <\/div>\n\t\t<\/div>\n\t\t\t<\/div>\n\n\t\n<\/div>\n","protected":false},"excerpt":{"rendered":"","protected":false},"author":1,"featured_media":0,"parent":511,"menu_order":0,"comment_status":"closed","ping_status":"closed","template":"","meta":[],"_links":{"self":[{"href":"http:\/\/baotangdongque.vn\/index.php?rest_route=\/wp\/v2\/pages\/513"}],"collection":[{"href":"http:\/\/baotangdongque.vn\/index.php?rest_route=\/wp\/v2\/pages"}],"about":[{"href":"http:\/\/baotangdongque.vn\/index.php?rest_route=\/wp\/v2\/types\/page"}],"author":[{"embeddable":true,"href":"http:\/\/baotangdongque.vn\/index.php?rest_route=\/wp\/v2\/users\/1"}],"replies":[{"embeddable":true,"href":"http:\/\/baotangdongque.vn\/index.php?rest_route=%2Fwp%2Fv2%2Fcomments&post=513"}],"version-history":[{"count":20,"href":"http:\/\/baotangdongque.vn\/index.php?rest_route=\/wp\/v2\/pages\/513\/revisions"}],"predecessor-version":[{"id":559,"href":"http:\/\/baotangdongque.vn\/index.php?rest_route=\/wp\/v2\/pages\/513\/revisions\/559"}],"up":[{"embeddable":true,"href":"http:\/\/baotangdongque.vn\/index.php?rest_route=\/wp\/v2\/pages\/511"}],"wp:attachment":[{"href":"http:\/\/baotangdongque.vn\/index.php?rest_route=%2Fwp%2Fv2%2Fmedia&parent=513"}],"curies":[{"name":"wp","href":"https:\/\/api.w.org\/{rel}","templated":true}]}}