{"id":544,"date":"2022-05-31T13:31:28","date_gmt":"2022-05-31T13:31:28","guid":{"rendered":"http:\/\/baotangdongque.vn\/?page_id=544"},"modified":"2022-09-27T02:56:16","modified_gmt":"2022-09-27T02:56:16","slug":"nha-trung-nong","status":"publish","type":"page","link":"http:\/\/baotangdongque.vn\/?page_id=544","title":{"rendered":"Nh\u00e0 trung n\u00f4ng"},"content":{"rendered":"<div class=\"row\"  id=\"row-201483593\">\n\n\t<div id=\"col-1470722954\" class=\"col medium-8 small-12 large-8\"  >\n\t\t<div class=\"col-inner\"  >\n\t\t\t\n\t\t\t\n\t<div class=\"img has-hover x md-x lg-x y md-y lg-y\" id=\"image_1269587032\">\n\t\t\t\t\t\t\t\t<div class=\"img-inner image-cover dark\" style=\"padding-top:56.25%;\">\n\t\t\t<img width=\"600\" height=\"450\" src=\"http:\/\/baotangdongque.vn\/wp-content\/uploads\/2020\/09\/nha-trung-nong.png\" class=\"attachment-large size-large\" alt=\"\" loading=\"lazy\" srcset=\"http:\/\/baotangdongque.vn\/wp-content\/uploads\/2020\/09\/nha-trung-nong.png 600w, http:\/\/baotangdongque.vn\/wp-content\/uploads\/2020\/09\/nha-trung-nong-533x400.png 533w\" sizes=\"(max-width: 600px) 100vw, 600px\" \/>\t\t\t\t\t\t\n\t\t\t\t\t<\/div>\n\t\t\t\t\t\t\t\t\n<style>\n#image_1269587032 {\n  width: 100%;\n}\n<\/style>\n\t<\/div>\n\t\n<h4 style=\"text-align: center;\">Nh\u00e0 trung n\u00f4ng<\/h4>\n<p style=\"text-align: center;\">D\u00e2n c\u1ea7y c\u00f3 ru\u1ed9ng, c\u00f3 nh\u00e0,<br \/>Tr\u00ean \u201cb\u1ea7n\u201d, d\u01b0\u1edbi \u201cph\u00fa\u201d g\u1ecdi l\u00e0 trung n\u00f4ng.<br \/>N\u0103m gian nh\u00e0 g\u1ed7 n\u1ed1i th\u00f4ng,<br \/>M\u00e1i tr\u00ean l\u1ee3p r\u1ea1, ph\u1ee7 l\u1ed3ng b\u1ed5i che.<br \/>T\u01b0\u1eddng x\u00e2y, s\u00e2n g\u1ea1ch, v\u1ec9a h\u00e8,<br \/>V\u01b0\u1eddn rau, ao c\u00e1, b\u1edd tre v\u00e2y r\u00e0o.<br \/>Gi\u01b0\u1eddng xoan, b\u00e0n g\u1ed7, gh\u1ebf cao,<br \/>N\u1ed3i \u0111\u1ed3ng, c\u1ed1i \u0111\u00e1 \u0111\u01b0a v\u00e0o nh\u00e0 ngang.<br \/>C\u1ed1i xay, c\u1ed1i gi\u00e3, d\u1ea7n s\u00e0ng,<br \/>L\u1ea7n \u0111ay, d\u1ec7t chi\u1ebfu m\u1edf mang ng\u00e0nh ngh\u1ec1.<br \/>Tr\u00e2u nu\u00f4i chung nh\u00f3m kh\u1ecfi thu\u00ea,<br \/>Chi\u00eam m\u00f9a hai v\u1ee5 say m\u00ea c\u1ea5y c\u1ea7y.<br \/>G\u1eb7t v\u1ec1 b\u1ed3 th\u00f3c c\u01a1i \u0111\u1ea7y,<br \/>Lao \u0111\u1ed9ng s\u1ea3n xu\u1ea5t h\u00e0ng ng\u00e0y t\u1ef1 cung.<br \/>C\u00e1i \u0103n, c\u00e1i m\u1eb7c \u0111\u1ee7 d\u00f9ng,<br \/>M\u1eddi du kh\u00e1ch \u0111\u1ebfn ch\u01a1i c\u00f9ng trung n\u00f4ng.\/.<\/p>\n<p style=\"text-align: right;\">Ng\u00e0y 24 th\u00e1ng 4 n\u0103m 2013.<\/p>\n\t\t<\/div>\n\t\t\t<\/div>\n\n\t\n\n\t<div id=\"col-972467352\" class=\"col medium-4 small-12 large-4\"  >\n\t\t<div class=\"col-inner\"  >\n\t\t\t\n\t\t\t\n\t<div class=\"img has-hover x md-x lg-x y md-y lg-y\" id=\"image_1449502514\">\n\t\t\t\t\t\t\t\t<div class=\"img-inner image-cover dark\" style=\"padding-top:56.25%;\">\n\t\t\t<img width=\"600\" height=\"450\" src=\"http:\/\/baotangdongque.vn\/wp-content\/uploads\/2020\/09\/nha-ban-co-nong.png\" class=\"attachment-large size-large\" alt=\"nha ban co nong\" loading=\"lazy\" srcset=\"http:\/\/baotangdongque.vn\/wp-content\/uploads\/2020\/09\/nha-ban-co-nong.png 600w, http:\/\/baotangdongque.vn\/wp-content\/uploads\/2020\/09\/nha-ban-co-nong-533x400.png 533w\" sizes=\"(max-width: 600px) 100vw, 600px\" \/>\t\t\t\t\t\t\n\t\t\t\t\t<\/div>\n\t\t\t\t\t\t\t\t\n<style>\n#image_1449502514 {\n  width: 100%;\n}\n<\/style>\n\t<\/div>\n\t\n<h4><a href=\"http:\/\/baotangdongque.vn\/?page_id=513\">Nh\u00e0 b\u1ea7n c\u1ed1 n\u00f4ng<\/a><\/h4>\n\t<div class=\"img has-hover x md-x lg-x y md-y lg-y\" id=\"image_1899543316\">\n\t\t\t\t\t\t\t\t<div class=\"img-inner image-cover dark\" style=\"padding-top:56.25%;\">\n\t\t\t<img width=\"600\" height=\"450\" src=\"http:\/\/baotangdongque.vn\/wp-content\/uploads\/2020\/09\/nha-ban-nong.png\" class=\"attachment-large size-large\" alt=\"\" loading=\"lazy\" srcset=\"http:\/\/baotangdongque.vn\/wp-content\/uploads\/2020\/09\/nha-ban-nong.png 600w, http:\/\/baotangdongque.vn\/wp-content\/uploads\/2020\/09\/nha-ban-nong-533x400.png 533w\" sizes=\"(max-width: 600px) 100vw, 600px\" \/>\t\t\t\t\t\t\n\t\t\t\t\t<\/div>\n\t\t\t\t\t\t\t\t\n<style>\n#image_1899543316 {\n  width: 100%;\n}\n<\/style>\n\t<\/div>\n\t\n<h4><a href=\"http:\/\/baotangdongque.vn\/?page_id=543\">Nh\u00e0 b\u1ea7n n\u00f4ng<\/a><\/h4>\n\t<div class=\"img has-hover x md-x lg-x y md-y lg-y\" id=\"image_565454600\">\n\t\t\t\t\t\t\t\t<div class=\"img-inner image-cover dark\" style=\"padding-top:56.25%;\">\n\t\t\t<img width=\"600\" height=\"450\" src=\"http:\/\/baotangdongque.vn\/wp-content\/uploads\/2020\/09\/nha-dia-chu.png\" class=\"attachment-large size-large\" alt=\"\" loading=\"lazy\" srcset=\"http:\/\/baotangdongque.vn\/wp-content\/uploads\/2020\/09\/nha-dia-chu.png 600w, http:\/\/baotangdongque.vn\/wp-content\/uploads\/2020\/09\/nha-dia-chu-533x400.png 533w\" sizes=\"(max-width: 600px) 100vw, 600px\" \/>\t\t\t\t\t\t\n\t\t\t\t\t<\/div>\n\t\t\t\t\t\t\t\t\n<style>\n#image_565454600 {\n  width: 100%;\n}\n<\/style>\n\t<\/div>\n\t\n<h4><a href=\"http:\/\/baotangdongque.vn\/?page_id=545\">Nh\u00e0 \u0111\u1ecba ch\u1ee7<\/a><\/h4>\n\t\t<\/div>\n\t\t\t<\/div>\n\n\t\n<\/div>\n<div class=\"row\"  id=\"row-1493620778\">\n\n\t<div id=\"col-903608498\" class=\"col small-12 large-12\"  >\n\t\t<div class=\"col-inner\"  >\n\t\t\t\n\t\t\t\n<h4 class=\"uppercase\">Th\u01b0 vi\u1ec7n \u1ea3nh<\/h4>\n\n  \n    <div class=\"row large-columns-4 medium-columns-3 small-columns-2 slider row-slider slider-nav-circle slider-nav-light\"  data-flickity-options='{\"imagesLoaded\": true, \"groupCells\": \"100%\", \"dragThreshold\" : 5, \"cellAlign\": \"left\",\"wrapAround\": true,\"prevNextButtons\": true,\"percentPosition\": true,\"pageDots\": false, \"rightToLeft\": false, \"autoPlay\" : false}'>\n\n          <div class=\"gallery-col col\" >\n          <div class=\"col-inner\">\n            <a class=\"image-lightbox lightbox-gallery\" href=\"http:\/\/baotangdongque.vn\/wp-content\/uploads\/2022\/05\/thu-vien-anh-1.png\" title=\"\">            <div class=\"box has-hover gallery-box box-overlay dark\">\n              <div class=\"box-image\" >\n                <img width=\"506\" height=\"338\" src=\"http:\/\/baotangdongque.vn\/wp-content\/uploads\/2022\/05\/thu-vien-anh-1.png\" class=\"attachment-medium size-medium\" alt=\"\" loading=\"lazy\" ids=\"538,539,540,541,515\" type=\"slider\" slider_nav_style=\"circle\" slider_nav_color=\"light\" \/>                                  <div class=\"overlay fill\"\n                      style=\"background-color: rgba(0,0,0,.15)\">\n                  <\/div>\n                                                              <\/div>\n              <div class=\"box-text text-left\" >\n                 <p><\/p>\n              <\/div>\n            <\/div>\n            <\/a>          <\/div>\n         <\/div>\n                 <div class=\"gallery-col col\" >\n          <div class=\"col-inner\">\n            <a class=\"image-lightbox lightbox-gallery\" href=\"http:\/\/baotangdongque.vn\/wp-content\/uploads\/2022\/05\/thu-vien-anh-2.png\" title=\"\">            <div class=\"box has-hover gallery-box box-overlay dark\">\n              <div class=\"box-image\" >\n                <img width=\"506\" height=\"338\" src=\"http:\/\/baotangdongque.vn\/wp-content\/uploads\/2022\/05\/thu-vien-anh-2.png\" class=\"attachment-medium size-medium\" alt=\"\" loading=\"lazy\" ids=\"538,539,540,541,515\" type=\"slider\" slider_nav_style=\"circle\" slider_nav_color=\"light\" \/>                                  <div class=\"overlay fill\"\n                      style=\"background-color: rgba(0,0,0,.15)\">\n                  <\/div>\n                                                              <\/div>\n              <div class=\"box-text text-left\" >\n                 <p><\/p>\n              <\/div>\n            <\/div>\n            <\/a>          <\/div>\n         <\/div>\n                 <div class=\"gallery-col col\" >\n          <div class=\"col-inner\">\n            <a class=\"image-lightbox lightbox-gallery\" href=\"http:\/\/baotangdongque.vn\/wp-content\/uploads\/2022\/05\/thu-vien-anh-3.png\" title=\"\">            <div class=\"box has-hover gallery-box box-overlay dark\">\n              <div class=\"box-image\" >\n                <img width=\"506\" height=\"338\" src=\"http:\/\/baotangdongque.vn\/wp-content\/uploads\/2022\/05\/thu-vien-anh-3.png\" class=\"attachment-medium size-medium\" alt=\"\" loading=\"lazy\" ids=\"538,539,540,541,515\" type=\"slider\" slider_nav_style=\"circle\" slider_nav_color=\"light\" \/>                                  <div class=\"overlay fill\"\n                      style=\"background-color: rgba(0,0,0,.15)\">\n                  <\/div>\n                                                              <\/div>\n              <div class=\"box-text text-left\" >\n                 <p><\/p>\n              <\/div>\n            <\/div>\n            <\/a>          <\/div>\n         <\/div>\n                 <div class=\"gallery-col col\" >\n          <div class=\"col-inner\">\n            <a class=\"image-lightbox lightbox-gallery\" href=\"http:\/\/baotangdongque.vn\/wp-content\/uploads\/2022\/05\/thu-vien-anh-4.png\" title=\"\">            <div class=\"box has-hover gallery-box box-overlay dark\">\n              <div class=\"box-image\" >\n                <img width=\"506\" height=\"338\" src=\"http:\/\/baotangdongque.vn\/wp-content\/uploads\/2022\/05\/thu-vien-anh-4.png\" class=\"attachment-medium size-medium\" alt=\"\" loading=\"lazy\" ids=\"538,539,540,541,515\" type=\"slider\" slider_nav_style=\"circle\" slider_nav_color=\"light\" \/>                                  <div class=\"overlay fill\"\n                      style=\"background-color: rgba(0,0,0,.15)\">\n                  <\/div>\n                                                              <\/div>\n              <div class=\"box-text text-left\" >\n                 <p><\/p>\n              <\/div>\n            <\/div>\n            <\/a>          <\/div>\n         <\/div>\n                 <div class=\"gallery-col col\" >\n          <div class=\"col-inner\">\n            <a class=\"image-lightbox lightbox-gallery\" href=\"http:\/\/baotangdongque.vn\/wp-content\/uploads\/2022\/05\/nha-ban-co-nong-16-9.jpg\" title=\"\">            <div class=\"box has-hover gallery-box box-overlay dark\">\n              <div class=\"box-image\" >\n                <img width=\"684\" height=\"381\" src=\"http:\/\/baotangdongque.vn\/wp-content\/uploads\/2022\/05\/nha-ban-co-nong-16-9.jpg\" class=\"attachment-medium size-medium\" alt=\"nha ban co nong 16-9\" loading=\"lazy\" ids=\"538,539,540,541,515\" type=\"slider\" slider_nav_style=\"circle\" slider_nav_color=\"light\" \/>                                  <div class=\"overlay fill\"\n                      style=\"background-color: rgba(0,0,0,.15)\">\n                  <\/div>\n                                                              <\/div>\n              <div class=\"box-text text-left\" >\n                 <p><\/p>\n              <\/div>\n            <\/div>\n            <\/a>          <\/div>\n         <\/div>\n         <\/div>\n\t\t<\/div>\n\t\t\t<\/div>\n\n\t\n<\/div>\n","protected":false},"excerpt":{"rendered":"","protected":false},"author":1,"featured_media":0,"parent":511,"menu_order":0,"comment_status":"closed","ping_status":"closed","template":"","meta":[],"_links":{"self":[{"href":"http:\/\/baotangdongque.vn\/index.php?rest_route=\/wp\/v2\/pages\/544"}],"collection":[{"href":"http:\/\/baotangdongque.vn\/index.php?rest_route=\/wp\/v2\/pages"}],"about":[{"href":"http:\/\/baotangdongque.vn\/index.php?rest_route=\/wp\/v2\/types\/page"}],"author":[{"embeddable":true,"href":"http:\/\/baotangdongque.vn\/index.php?rest_route=\/wp\/v2\/users\/1"}],"replies":[{"embeddable":true,"href":"http:\/\/baotangdongque.vn\/index.php?rest_route=%2Fwp%2Fv2%2Fcomments&post=544"}],"version-history":[{"count":5,"href":"http:\/\/baotangdongque.vn\/index.php?rest_route=\/wp\/v2\/pages\/544\/revisions"}],"predecessor-version":[{"id":630,"href":"http:\/\/baotangdongque.vn\/index.php?rest_route=\/wp\/v2\/pages\/544\/revisions\/630"}],"up":[{"embeddable":true,"href":"http:\/\/baotangdongque.vn\/index.php?rest_route=\/wp\/v2\/pages\/511"}],"wp:attachment":[{"href":"http:\/\/baotangdongque.vn\/index.php?rest_route=%2Fwp%2Fv2%2Fmedia&parent=544"}],"curies":[{"name":"wp","href":"https:\/\/api.w.org\/{rel}","templated":true}]}}