{"id":545,"date":"2022-05-31T13:31:31","date_gmt":"2022-05-31T13:31:31","guid":{"rendered":"http:\/\/baotangdongque.vn\/?page_id=545"},"modified":"2022-09-27T03:30:50","modified_gmt":"2022-09-27T03:30:50","slug":"nha-dia-chu","status":"publish","type":"page","link":"http:\/\/baotangdongque.vn\/?page_id=545","title":{"rendered":"Nh\u00e0 \u0111\u1ecba ch\u1ee7"},"content":{"rendered":"<div class=\"row\"  id=\"row-844964954\">\n\n\t<div id=\"col-1808467192\" class=\"col medium-8 small-12 large-8\"  >\n\t\t<div class=\"col-inner\"  >\n\t\t\t\n\t\t\t\n\t<div class=\"img has-hover x md-x lg-x y md-y lg-y\" id=\"image_553982618\">\n\t\t\t\t\t\t\t\t<div class=\"img-inner image-cover dark\" style=\"padding-top:56.25%;\">\n\t\t\t<img width=\"600\" height=\"450\" src=\"http:\/\/baotangdongque.vn\/wp-content\/uploads\/2020\/09\/nha-dia-chu.png\" class=\"attachment-large size-large\" alt=\"\" loading=\"lazy\" srcset=\"http:\/\/baotangdongque.vn\/wp-content\/uploads\/2020\/09\/nha-dia-chu.png 600w, http:\/\/baotangdongque.vn\/wp-content\/uploads\/2020\/09\/nha-dia-chu-533x400.png 533w\" sizes=\"(max-width: 600px) 100vw, 600px\" \/>\t\t\t\t\t\t\n\t\t\t\t\t<\/div>\n\t\t\t\t\t\t\t\t\n<style>\n#image_553982618 {\n  width: 100%;\n}\n<\/style>\n\t<\/div>\n\t\n<p style=\"text-align: center;\"><strong>\u0110\u1ecaA CH\u1ee6<\/strong><\/p>\n<p style=\"text-align: center;\"><strong> &#8212;- \uf09c\uf096\uf0b5\uf097\uf09d &#8212;- <\/strong><\/p>\n<p style=\"text-align: center;\"><strong>Xu\u1ea5t th\u00e2n t\u1eeb l\u1edbp d\u00e2n c\u1ea7y,<\/strong><\/p>\n<p style=\"text-align: center;\"><strong> L\u00e0m \u0103n kh\u00f4n kh\u00e9o s\u1edf xoay h\u01a1n ng\u01b0\u1eddi. <\/strong><\/p>\n<p style=\"text-align: center;\"><strong>T\u1eadu tr\u00e2u, ru\u1ed9ng m\u1eadt, b\u1edd x\u00f4i, <\/strong><\/p>\n<p style=\"text-align: center;\"><strong>Ph\u00e1t canh hai v\u1ee5 \u0111\u1ec3 r\u1ed3i thu t\u00f4<\/strong><\/p>\n<p style=\"text-align: center;\"><strong>. Th\u00e0nh \u0111\u1ecba ch\u1ee7 \u0111\u1ee7 dinh c\u01a1,<\/strong><\/p>\n<p style=\"text-align: center;\"><strong> M\u00f9a v\u1ec1 th\u00f3c l\u00faa \u0111\u1ea7y b\u1ed3, \u0111\u1ea7y kho.<\/strong><\/p>\n<p style=\"text-align: center;\"><strong> Nh\u00e0 x\u00e2y t\u01b0\u1eddng k\u00e9p, c\u1ed9t to, <\/strong><\/p>\n<p style=\"text-align: center;\"><strong>G\u1ed7 lim v\u1eefng ch\u1eafc ch\u1eb3ng lo b\u00e3o b\u00f9ng<\/strong><\/p>\n<p style=\"text-align: center;\"><strong>. Ng\u00f3i Nam s\u00e1ng \u0111\u1ecf m\u1ed9t v\u00f9ng, <\/strong><\/p>\n<p style=\"text-align: center;\"><strong>S\u00e2n r\u1ed9ng \u0111\u00e1 k\u00e9o t\u1eebng cung t\u1eebng h\u00e0ng.<\/strong><\/p>\n<p style=\"text-align: center;\"><strong> K\u1ec1 b\u00ean l\u00e0 d\u00e3y nh\u00e0 ngang, <\/strong><\/p>\n<p style=\"text-align: center;\"><strong>Xay th\u00f3c, gi\u00e3 g\u1ea1o d\u1ea7n s\u00e0ng m\u01b0\u1edbn thu\u00ea. <\/strong><\/p>\n<p style=\"text-align: center;\"><strong>V\u1eadt sang m\u1ecdi th\u1ee9 mang v\u1ec1,<\/strong><\/p>\n<p style=\"text-align: center;\"><strong> T\u1ee7 ch\u00e8 tr\u00ean n\u00f3c \u0111\u1eb7t k\u00ea b\u00e0n th\u1edd. <\/strong><\/p>\n<p style=\"text-align: center;\"><strong>\u0110\u1ed3ng \u0111\u00fac \u0111\u1ee7 m\u1ed9t b\u1ed9 \u0111\u1ed3, <\/strong><\/p>\n<p style=\"text-align: center;\"><strong>Tr\u01b0\u1eddng k\u1ef7, s\u1eadp g\u1ee5, \u0111\u1ed3ng h\u1ed3 nhi\u1ec1u c\u00f4n. <\/strong><\/p>\n<p style=\"text-align: center;\"><strong>H\u00f2m, r\u01b0\u01a1ng, tr\u00e1p kh\u1ea3m, \u0111\u00e8n c\u1ed3n, <\/strong><\/p>\n<p style=\"text-align: center;\"><strong>C\u1ee7a nhi\u1ec1u, ti\u1ec1n l\u1eafm, v\u00e0ng d\u1ed3n c\u00f3ng b\u01a1.<\/strong><\/p>\n<p style=\"text-align: center;\"><strong> C\u1ea3i c\u00e1ch ru\u1ed9ng \u0111\u1ea5t quy cho <\/strong><\/p>\n<p style=\"text-align: center;\"><strong>Giai c\u1ea5p b\u00f3c l\u1ed9t s\u1ee3 lo, nh\u1ee5c h\u00ecnh(1)<\/strong><\/p>\n<p style=\"text-align: center;\"><strong> N\u1ed7i \u0111au, oan nh\u1eefng gia \u0111\u00ecnh,<\/strong><\/p>\n<p style=\"text-align: center;\"><strong> \u0110\u1ea3ng ta \u0111\u00e3 c\u00f3 ch\u01b0\u01a1ng tr\u00ecnh s\u1eeda sai (2)<\/strong><\/p>\n<p style=\"text-align: right;\"><strong>Giao Th\u1ecbnh, \u0111\u00eam 30\/4\/2013.<\/strong><\/p>\n<p style=\"text-align: left;\"><em><strong> (1): \u0110\u1ed9i C\u1ea3i c\u00e1ch ru\u1ed9ng \u0111\u1ea5t t\u1ed5 ch\u1ee9c \u0111\u1ea5u t\u1ed1 \u0111\u1ecba ch\u1ee7, m\u1ed9t s\u1ed1 tr\u01b0\u1eddng h\u1ee3p b\u1ecb t\u1eed h\u00ecnh. <\/strong><\/em><\/p>\n<p style=\"text-align: left;\"><em><strong>(2): Sau c\u1ea3i c\u00e1ch ru\u1ed9ng \u0111\u1ea5t \u0110\u1ea3ng \u0111\u00e3 c\u00f3 ch\u01b0\u01a1ng tr\u00ecnh s\u1eeda sai.<\/strong><\/em><\/p>\n\t\t<\/div>\n\t\t\t<\/div>\n\n\t\n\n\t<div id=\"col-703388611\" class=\"col medium-4 small-12 large-4\"  >\n\t\t<div class=\"col-inner\"  >\n\t\t\t\n\t\t\t\n\t<div class=\"img has-hover x md-x lg-x y md-y lg-y\" id=\"image_1352492346\">\n\t\t\t\t\t\t\t\t<div class=\"img-inner image-cover dark\" style=\"padding-top:56.25%;\">\n\t\t\t<img width=\"600\" height=\"450\" src=\"http:\/\/baotangdongque.vn\/wp-content\/uploads\/2020\/09\/nha-ban-co-nong.png\" class=\"attachment-large size-large\" alt=\"nha ban co nong\" loading=\"lazy\" srcset=\"http:\/\/baotangdongque.vn\/wp-content\/uploads\/2020\/09\/nha-ban-co-nong.png 600w, http:\/\/baotangdongque.vn\/wp-content\/uploads\/2020\/09\/nha-ban-co-nong-533x400.png 533w\" sizes=\"(max-width: 600px) 100vw, 600px\" \/>\t\t\t\t\t\t\n\t\t\t\t\t<\/div>\n\t\t\t\t\t\t\t\t\n<style>\n#image_1352492346 {\n  width: 100%;\n}\n<\/style>\n\t<\/div>\n\t\n<h4><a href=\"http:\/\/baotangdongque.vn\/?page_id=513\">Nh\u00e0 b\u1ea7n c\u1ed1 n\u00f4ng<\/a><\/h4>\n\t<div class=\"img has-hover x md-x lg-x y md-y lg-y\" id=\"image_980898343\">\n\t\t\t\t\t\t\t\t<div class=\"img-inner image-cover dark\" style=\"padding-top:56.25%;\">\n\t\t\t<img width=\"600\" height=\"450\" src=\"http:\/\/baotangdongque.vn\/wp-content\/uploads\/2020\/09\/nha-ban-nong.png\" class=\"attachment-large size-large\" alt=\"\" loading=\"lazy\" srcset=\"http:\/\/baotangdongque.vn\/wp-content\/uploads\/2020\/09\/nha-ban-nong.png 600w, http:\/\/baotangdongque.vn\/wp-content\/uploads\/2020\/09\/nha-ban-nong-533x400.png 533w\" sizes=\"(max-width: 600px) 100vw, 600px\" \/>\t\t\t\t\t\t\n\t\t\t\t\t<\/div>\n\t\t\t\t\t\t\t\t\n<style>\n#image_980898343 {\n  width: 100%;\n}\n<\/style>\n\t<\/div>\n\t\n<h4><a href=\"http:\/\/baotangdongque.vn\/?page_id=543\">Nh\u00e0 b\u1ea7n n\u00f4ng<\/a><\/h4>\n\t<div class=\"img has-hover x md-x lg-x y md-y lg-y\" id=\"image_1893819393\">\n\t\t\t\t\t\t\t\t<div class=\"img-inner image-cover dark\" style=\"padding-top:56.25%;\">\n\t\t\t<img width=\"600\" height=\"450\" src=\"http:\/\/baotangdongque.vn\/wp-content\/uploads\/2020\/09\/nha-trung-nong.png\" class=\"attachment-large size-large\" alt=\"\" loading=\"lazy\" srcset=\"http:\/\/baotangdongque.vn\/wp-content\/uploads\/2020\/09\/nha-trung-nong.png 600w, http:\/\/baotangdongque.vn\/wp-content\/uploads\/2020\/09\/nha-trung-nong-533x400.png 533w\" sizes=\"(max-width: 600px) 100vw, 600px\" \/>\t\t\t\t\t\t\n\t\t\t\t\t<\/div>\n\t\t\t\t\t\t\t\t\n<style>\n#image_1893819393 {\n  width: 100%;\n}\n<\/style>\n\t<\/div>\n\t\n<h4><a href=\"http:\/\/baotangdongque.vn\/?page_id=544\">Nh\u00e0 trung n\u00f4ng<\/a><\/h4>\n\t\t<\/div>\n\t\t\t<\/div>\n\n\t\n<\/div>\n<div class=\"row\"  id=\"row-1790088504\">\n\n\t<div id=\"col-950915339\" class=\"col small-12 large-12\"  >\n\t\t<div class=\"col-inner\"  >\n\t\t\t\n\t\t\t\n<h4 class=\"uppercase\">Th\u01b0 vi\u1ec7n \u1ea3nh<\/h4>\n\n  \n    <div class=\"row large-columns-4 medium-columns-3 small-columns-2 slider row-slider slider-nav-circle slider-nav-light\"  data-flickity-options='{\"imagesLoaded\": true, \"groupCells\": \"100%\", \"dragThreshold\" : 5, \"cellAlign\": \"left\",\"wrapAround\": true,\"prevNextButtons\": true,\"percentPosition\": true,\"pageDots\": false, \"rightToLeft\": false, \"autoPlay\" : false}'>\n\n          <div class=\"gallery-col col\" >\n          <div class=\"col-inner\">\n            <a class=\"image-lightbox lightbox-gallery\" href=\"http:\/\/baotangdongque.vn\/wp-content\/uploads\/2022\/05\/thu-vien-anh-1.png\" title=\"\">            <div class=\"box has-hover gallery-box box-overlay dark\">\n              <div class=\"box-image\" >\n                <img width=\"506\" height=\"338\" src=\"http:\/\/baotangdongque.vn\/wp-content\/uploads\/2022\/05\/thu-vien-anh-1.png\" class=\"attachment-medium size-medium\" alt=\"\" loading=\"lazy\" ids=\"538,539,540,541,515\" type=\"slider\" slider_nav_style=\"circle\" slider_nav_color=\"light\" \/>                                  <div class=\"overlay fill\"\n                      style=\"background-color: rgba(0,0,0,.15)\">\n                  <\/div>\n                                                              <\/div>\n              <div class=\"box-text text-left\" >\n                 <p><\/p>\n              <\/div>\n            <\/div>\n            <\/a>          <\/div>\n         <\/div>\n                 <div class=\"gallery-col col\" >\n          <div class=\"col-inner\">\n            <a class=\"image-lightbox lightbox-gallery\" href=\"http:\/\/baotangdongque.vn\/wp-content\/uploads\/2022\/05\/thu-vien-anh-2.png\" title=\"\">            <div class=\"box has-hover gallery-box box-overlay dark\">\n              <div class=\"box-image\" >\n                <img width=\"506\" height=\"338\" src=\"http:\/\/baotangdongque.vn\/wp-content\/uploads\/2022\/05\/thu-vien-anh-2.png\" class=\"attachment-medium size-medium\" alt=\"\" loading=\"lazy\" ids=\"538,539,540,541,515\" type=\"slider\" slider_nav_style=\"circle\" slider_nav_color=\"light\" \/>                                  <div class=\"overlay fill\"\n                      style=\"background-color: rgba(0,0,0,.15)\">\n                  <\/div>\n                                                              <\/div>\n              <div class=\"box-text text-left\" >\n                 <p><\/p>\n              <\/div>\n            <\/div>\n            <\/a>          <\/div>\n         <\/div>\n                 <div class=\"gallery-col col\" >\n          <div class=\"col-inner\">\n            <a class=\"image-lightbox lightbox-gallery\" href=\"http:\/\/baotangdongque.vn\/wp-content\/uploads\/2022\/05\/thu-vien-anh-3.png\" title=\"\">            <div class=\"box has-hover gallery-box box-overlay dark\">\n              <div class=\"box-image\" >\n                <img width=\"506\" height=\"338\" src=\"http:\/\/baotangdongque.vn\/wp-content\/uploads\/2022\/05\/thu-vien-anh-3.png\" class=\"attachment-medium size-medium\" alt=\"\" loading=\"lazy\" ids=\"538,539,540,541,515\" type=\"slider\" slider_nav_style=\"circle\" slider_nav_color=\"light\" \/>                                  <div class=\"overlay fill\"\n                      style=\"background-color: rgba(0,0,0,.15)\">\n                  <\/div>\n                                                              <\/div>\n              <div class=\"box-text text-left\" >\n                 <p><\/p>\n              <\/div>\n            <\/div>\n            <\/a>          <\/div>\n         <\/div>\n                 <div class=\"gallery-col col\" >\n          <div class=\"col-inner\">\n            <a class=\"image-lightbox lightbox-gallery\" href=\"http:\/\/baotangdongque.vn\/wp-content\/uploads\/2022\/05\/thu-vien-anh-4.png\" title=\"\">            <div class=\"box has-hover gallery-box box-overlay dark\">\n              <div class=\"box-image\" >\n                <img width=\"506\" height=\"338\" src=\"http:\/\/baotangdongque.vn\/wp-content\/uploads\/2022\/05\/thu-vien-anh-4.png\" class=\"attachment-medium size-medium\" alt=\"\" loading=\"lazy\" ids=\"538,539,540,541,515\" type=\"slider\" slider_nav_style=\"circle\" slider_nav_color=\"light\" \/>                                  <div class=\"overlay fill\"\n                      style=\"background-color: rgba(0,0,0,.15)\">\n                  <\/div>\n                                                              <\/div>\n              <div class=\"box-text text-left\" >\n                 <p><\/p>\n              <\/div>\n            <\/div>\n            <\/a>          <\/div>\n         <\/div>\n                 <div class=\"gallery-col col\" >\n          <div class=\"col-inner\">\n            <a class=\"image-lightbox lightbox-gallery\" href=\"http:\/\/baotangdongque.vn\/wp-content\/uploads\/2022\/05\/nha-ban-co-nong-16-9.jpg\" title=\"\">            <div class=\"box has-hover gallery-box box-overlay dark\">\n              <div class=\"box-image\" >\n                <img width=\"684\" height=\"381\" src=\"http:\/\/baotangdongque.vn\/wp-content\/uploads\/2022\/05\/nha-ban-co-nong-16-9.jpg\" class=\"attachment-medium size-medium\" alt=\"nha ban co nong 16-9\" loading=\"lazy\" ids=\"538,539,540,541,515\" type=\"slider\" slider_nav_style=\"circle\" slider_nav_color=\"light\" \/>                                  <div class=\"overlay fill\"\n                      style=\"background-color: rgba(0,0,0,.15)\">\n                  <\/div>\n                                                              <\/div>\n              <div class=\"box-text text-left\" >\n                 <p><\/p>\n              <\/div>\n            <\/div>\n            <\/a>          <\/div>\n         <\/div>\n         <\/div>\n\t\t<\/div>\n\t\t\t<\/div>\n\n\t\n<\/div>\n","protected":false},"excerpt":{"rendered":"","protected":false},"author":1,"featured_media":0,"parent":511,"menu_order":0,"comment_status":"closed","ping_status":"closed","template":"","meta":[],"_links":{"self":[{"href":"http:\/\/baotangdongque.vn\/index.php?rest_route=\/wp\/v2\/pages\/545"}],"collection":[{"href":"http:\/\/baotangdongque.vn\/index.php?rest_route=\/wp\/v2\/pages"}],"about":[{"href":"http:\/\/baotangdongque.vn\/index.php?rest_route=\/wp\/v2\/types\/page"}],"author":[{"embeddable":true,"href":"http:\/\/baotangdongque.vn\/index.php?rest_route=\/wp\/v2\/users\/1"}],"replies":[{"embeddable":true,"href":"http:\/\/baotangdongque.vn\/index.php?rest_route=%2Fwp%2Fv2%2Fcomments&post=545"}],"version-history":[{"count":4,"href":"http:\/\/baotangdongque.vn\/index.php?rest_route=\/wp\/v2\/pages\/545\/revisions"}],"predecessor-version":[{"id":631,"href":"http:\/\/baotangdongque.vn\/index.php?rest_route=\/wp\/v2\/pages\/545\/revisions\/631"}],"up":[{"embeddable":true,"href":"http:\/\/baotangdongque.vn\/index.php?rest_route=\/wp\/v2\/pages\/511"}],"wp:attachment":[{"href":"http:\/\/baotangdongque.vn\/index.php?rest_route=%2Fwp%2Fv2%2Fmedia&parent=545"}],"curies":[{"name":"wp","href":"https:\/\/api.w.org\/{rel}","templated":true}]}}