{"id":579,"date":"2022-05-31T14:12:07","date_gmt":"2022-05-31T14:12:07","guid":{"rendered":"http:\/\/baotangdongque.vn\/?page_id=579"},"modified":"2022-05-31T14:21:23","modified_gmt":"2022-05-31T14:21:23","slug":"doi-chien-si","status":"publish","type":"page","link":"http:\/\/baotangdongque.vn\/?page_id=579","title":{"rendered":"\u0110\u1eddi chi\u1ebfn s\u0129"},"content":{"rendered":"<div class=\"row\"  id=\"row-1193472604\">\n\n\t<div id=\"col-1120674837\" class=\"col medium-8 small-12 large-8\"  >\n\t\t<div class=\"col-inner\"  >\n\t\t\t\n\t\t\t\n\t<div class=\"img has-hover x md-x lg-x y md-y lg-y\" id=\"image_615013545\">\n\t\t\t\t\t\t\t\t<div class=\"img-inner dark\" >\n\t\t\t<img width=\"684\" height=\"381\" src=\"http:\/\/baotangdongque.vn\/wp-content\/uploads\/2022\/05\/thieu-tuong-hoang-kien.png\" class=\"attachment-large size-large\" alt=\"\" loading=\"lazy\" \/>\t\t\t\t\t\t\n\t\t\t\t\t<\/div>\n\t\t\t\t\t\t\t\t\n<style>\n#image_615013545 {\n  width: 100%;\n}\n<\/style>\n\t<\/div>\n\t\n<h4>Qu\u00e2n h\u00e0m, ch\u1ee9c v\u1ee5 c\u1ee7a thi\u1ebfu t\u01b0\u1edbng Ho\u00e0ng Ki\u1ec1n<\/h4>\n<p>Ho\u00e0ng Ki\u1ec1n (sinh n\u0103m 1950, qu\u00ea qu\u00e1n \u1edf x\u00e3 Giao Th\u1ecbnh, huy\u1ec7n Giao Th\u1ee7y, t\u1ec9nh Nam \u0110\u1ecbnh) l\u00e0 m\u1ed9t k\u1ef9 s\u01b0 qu\u00e2n s\u1ef1, Thi\u1ebfu t\u01b0\u1edbng Qu\u00e2n \u0111\u1ed9i nh\u00e2n d\u00e2n Vi\u1ec7t Nam, Anh h\u00f9ng L\u1ef1c l\u01b0\u1ee3ng v\u0169 trang nh\u00e2n d\u00e2n, nguy\u00ean T\u01b0 l\u1ec7nh Binh ch\u1ee7ng C\u00f4ng binh, Qu\u00e2n \u0111\u1ed9i nh\u00e2n d\u00e2n Vi\u1ec7t Nam. \u00d4ng l\u00e0 m\u1ed9t trong nh\u1eefng t\u00e1c gi\u1ea3 tham gia C\u00f4ng tr\u00ecnh ph\u00f2ng th\u1ee7 Tr\u01b0\u1eddng Sa \u0111\u01b0\u1ee3c Ch\u1ee7 t\u1ecbch n\u01b0\u1edbc Vi\u1ec7t Nam trao t\u1eb7ng Gi\u1ea3i th\u01b0\u1edfng H\u1ed3 Ch\u00ed Minh n\u0103m 2017.<br \/>Ti\u1ec3u s\u1eed<br \/>\u00d4ng qu\u00ea qu\u00e1n \u1edf l\u00e0ng B\u00ecnh Gi, x\u00e3 Giao Th\u1ecbnh, huy\u1ec7n Giao Th\u1ee7y, t\u1ec9nh Nam \u0110\u1ecbnh.<br \/>N\u0103m 1970, \u00f4ng l\u00e0 gi\u00e1o vi\u00ean d\u1ea1y to\u00e1n v\u00e0 v\u1eadt l\u00fd t\u1ea1i tr\u01b0\u1eddng c\u1ea5p 2 Giao T\u00e2n, huy\u1ec7n Giao Th\u1ee7y, t\u1ec9nh Nam \u0110\u1ecbnh. Khi \u0111ang c\u00f4ng t\u00e1c t\u1ea1i tr\u01b0\u1eddng, \u00f4ng nghe theo l\u1eddi k\u00eau g\u1ecdi c\u1ee7a nh\u00e0 n\u01b0\u1edbc Vi\u1ec7t Nam v\u00e0 nh\u1eadp ng\u0169 tham gia kh\u00e1ng chi\u1ebfn ch\u1ed1ng M\u1ef9 v\u1edbi t\u01b0 c\u00e1ch l\u00ednh c\u00f4ng binh Tr\u01b0\u1eddng S\u01a1n.<\/p>\n<p>Sau khi Vi\u1ec7t Nam th\u1ed1ng nh\u1ea5t (n\u0103m 1975), \u00f4ng thi \u0111\u1ed7 H\u1ecdc vi\u1ec7n K\u1ef9 thu\u1eadt Qu\u00e2n s\u1ef1, c\u00f9ng kho\u00e1 11 v\u1edbi \u00f4ng L\u00ea M\u1ea1nh H\u00e0 v\u00e0 t\u1ed1t nghi\u1ec7p k\u1ef9 s\u01b0 c\u00f4ng tr\u00ecnh n\u0103m 1981.<br \/>Sau khi t\u1ed1t nghi\u1ec7p, k\u1ef9 s\u01b0 Ho\u00e0ng Ki\u1ec1n \u0111\u01b0\u1ee3c \u0111i\u1ec1u \u0111\u1ed9ng v\u1ec1 c\u00f4ng t\u00e1c t\u1ea1i th\u00e0nh ph\u1ed1 \u0110\u00e0 N\u1eb5ng \u1edf Trung \u0111o\u00e0n C\u00f4ng binh 83, Qu\u00e2n ch\u1ee7ng H\u1ea3i qu\u00e2n, Qu\u00e2n \u0111\u1ed9i nh\u00e2n d\u00e2n Vi\u1ec7t Nam.<\/p>\n<p>Th\u00e1ng 10 n\u0103m 1989, \u00f4ng t\u1ed1t nghi\u1ec7p l\u1edbp ch\u1ec9 huy tham m\u01b0u c\u00f4ng binh t\u1ea1i H\u1ecdc vi\u1ec7n L\u1ee5c qu\u00e2n.. Th\u00e1ng 8 n\u0103m 1990, thi\u1ebfu t\u00e1 Ho\u00e0ng Ki\u1ec1n \u0111\u01b0\u1ee3c b\u1ed5 nhi\u1ec7m l\u00e0m Trung \u0111o\u00e0n tr\u01b0\u1edfng Trung \u0111o\u00e0n C\u00f4ng binh 83, Qu\u00e2n ch\u1ee7ng H\u1ea3i qu\u00e2n, Qu\u00e2n \u0111\u1ed9i nh\u00e2n d\u00e2n Vi\u1ec7t Nam.<\/p>\n<p>\u00d4ng \u0111\u01b0\u1ee3c giao nhi\u1ec7m v\u1ee5 ch\u1ec9 \u0111\u1ea1o x\u00e2y d\u1ef1ng c\u00e1c c\u00f4ng tr\u00ecnh tr\u00ean qu\u1ea7n \u0111\u1ea3o Tr\u01b0\u1eddng Sa.<br \/>Trong th\u1eddi gian n\u00e0y, \u00f4ng \u0111\u00e3 t\u1ea1o n\u00ean k\u1ef3 t\u00edch l\u00e0 \u0111\u01b0a \u0111\u01b0\u1ee3c h\u00e0ng ng\u00e0n t\u1ea5n \u0111\u1ea5t t\u1eeb \u0111\u1ea5t li\u1ec1n ra x\u00e2y d\u1ef1ng c\u00e1c \u0111\u1ea3o tr\u00ean qu\u1ea7n \u0111\u1ea3o Tr\u01b0\u1eddng Sa, t\u1ea1o \u0111\u1ea5t m\u00e0u \u0111\u1ec3 tr\u1ed3ng rau xanh, v\u00e0 s\u00e1ng ki\u1ebfn x\u00e2y k\u00e8 ch\u1eafn s\u00f3ng, ch\u1ed1ng x\u00f3i l\u1edf v\u00e0 t\u00edch tr\u1eef n\u01b0\u1edbc ng\u1ecdt cho \u0111\u1ea3o. M\u1ed7i n\u0103m \u00f4ng c\u00f2n \u0111\u01b0a h\u00e0ng tr\u0103m th\u1ee3 x\u00e2y l\u00e0nh ngh\u1ec1 \u1edf l\u00e0ng c\u1ee7a \u00f4ng ra Tr\u01b0\u1eddng Sa \u0111\u1ec3 x\u00e2y d\u1ef1ng c\u00e1c \u0111\u1ea3o v\u00ec c\u00f4ng vi\u1ec7c x\u00e2y d\u1ef1ng c\u1ea7n k\u0129 n\u0103ng v\u00e0 tay ngh\u1ec1 cao m\u00e0 ph\u1ea7n l\u1edbn c\u00e1c binh s\u0129 ngh\u0129a v\u1ee5 tr\u00ean \u0111\u1ea3o kh\u00f4ng \u0111\u00e1p \u1ee9ng \u0111\u01b0\u1ee3c.[2]\n<p>N\u0103m 1997, \u00f4ng th\u00f4i c\u00f4ng t\u00e1c \u1edf Trung \u0111o\u00e0n C\u00f4ng binh 83, Qu\u00e2n ch\u1ee7ng H\u1ea3i qu\u00e2n, Qu\u00e2n \u0111\u1ed9i nh\u00e2n d\u00e2n Vi\u1ec7t Nam.Sau \u0111\u00f3, trong 7 n\u0103m \u00f4ng gi\u1eef ch\u1ee9c Ph\u00f3 T\u01b0 l\u1ec7nh, Tham m\u01b0u tr\u01b0\u1edfng, r\u1ed3i T\u01b0 l\u1ec7nh Binh ch\u1ee7ng C\u00f4ng binh, Qu\u00e2n \u0111\u1ed9i nh\u00e2n d\u00e2n Vi\u1ec7t Nam.<\/p>\n<p>N\u0103m 2007, \u00f4ng \u0111\u01b0\u1ee3c B\u1ed9 tr\u01b0\u1edfng B\u1ed9 Qu\u1ed1c ph\u00f2ng Vi\u1ec7t Nam Ph\u00f9ng Quang Thanh giao l\u00e0m ch\u1ee7 \u0111\u1ea7u t\u01b0 Ban qu\u1ea3n l\u00fd D\u1ef1 \u00e1n \u0110\u01b0\u1eddng tu\u1ea7n tra bi\u00ean gi\u1edbi (Ban Qu\u1ea3n l\u00fd D\u1ef1 \u00e1n 47, B\u1ed9 T\u1ed5ng Tham m\u01b0u Qu\u00e2n \u0111\u1ed9i nh\u00e2n d\u00e2n Vi\u1ec7t Nam). Con \u0111\u01b0\u1eddng n\u00e0y vi\u1ec1n bao quanh b\u1ea3n \u0111\u1ed3 Vi\u1ec7t Nam t\u1eeb M\u00f3ng C\u00e1i \u0111\u1ebfn H\u00e0 Ti\u00ean. \u00d4ng l\u00e0m Gi\u00e1m \u0111\u1ed1c Ban Qu\u1ea3n l\u00fd D\u1ef1 \u00e1n \u0110\u01b0\u1eddng tu\u1ea7n tra Bi\u00ean gi\u1edbi t\u1eeb n\u0103m 2007 cho \u0111\u1ebfn n\u0103m 2014.<br \/>N\u0103m 2014, \u00f4ng ngh\u1ec9 h\u01b0u.<br \/>Danh hi\u1ec7u<br \/>N\u0103m 2015, \u00f4ng \u0111\u01b0\u1ee3c nh\u00e0 n\u01b0\u1edbc Vi\u1ec7t Nam phong danh hi\u1ec7u Anh h\u00f9ng L\u1ef1c l\u01b0\u1ee3ng v\u0169 trang nh\u00e2n d\u00e2n.<br \/>Gi\u1ea3i th\u01b0\u1edfng<br \/>N\u0103m 2017, \u00f4ng l\u00e0 m\u1ed9t trong nh\u1eefng t\u00e1c gi\u1ea3 tham gia C\u00f4ng tr\u00ecnh ph\u00f2ng th\u1ee7 Tr\u01b0\u1eddng Sa \u0111\u01b0\u1ee3c Ch\u1ee7 t\u1ecbch n\u01b0\u1edbc Vi\u1ec7t Nam trao t\u1eb7ng Gi\u1ea3i th\u01b0\u1edfng H\u1ed3 Ch\u00ed Minh. \u0110\u1ec1 t\u00e0i t\u00ean l\u00e0 &#8220;C\u00e1c gi\u1ea3i ph\u00e1p khoa h\u1ecdc c\u00f4ng ngh\u1ec7 trong quy ho\u1ea1ch, thi\u1ebft k\u1ebf, x\u00e2y d\u1ef1ng c\u1ee5m c\u00f4ng tr\u00ecnh chi\u1ebfn \u0111\u1ea5u tr\u00ean qu\u1ea7n \u0111\u1ea3o Tr\u01b0\u1eddng Sa giai \u0111o\u1ea1n 1976-2011&#8221;.<br \/>\u00d4ng c\u00f2n l\u00e0 Ph\u00f3 Ch\u1ee7 t\u1ecbch H\u1ed9i Tr\u01b0\u1eddng S\u01a1n.<\/p>\n\t\t<\/div>\n\t\t\t<\/div>\n\n\t\n\n\t<div id=\"col-1632842072\" class=\"col medium-4 small-12 large-4\"  >\n\t\t<div class=\"col-inner\"  >\n\t\t\t\n\t\t\t\n\t<div class=\"img has-hover x md-x lg-x y md-y lg-y\" id=\"image_1442406671\">\n\t\t\t\t\t\t\t\t<div class=\"img-inner dark\" >\n\t\t\t<img width=\"349\" height=\"228\" src=\"http:\/\/baotangdongque.vn\/wp-content\/uploads\/2022\/05\/xe-doc-truong-son.png\" class=\"attachment-large size-large\" alt=\"\" loading=\"lazy\" \/>\t\t\t\t\t\t\n\t\t\t\t\t<\/div>\n\t\t\t\t\t\t\t\t\n<style>\n#image_1442406671 {\n  width: 100%;\n}\n<\/style>\n\t<\/div>\n\t\n<h4>X\u1ebb d\u1ecdc Tr\u01b0\u1eddng S\u01a1n \u0111i c\u1ee9u n\u01b0\u1edbc<\/h4>\n\t<div class=\"img has-hover x md-x lg-x y md-y lg-y\" id=\"image_600766281\">\n\t\t\t\t\t\t\t\t<div class=\"img-inner dark\" >\n\t\t\t<img width=\"349\" height=\"228\" src=\"http:\/\/baotangdongque.vn\/wp-content\/uploads\/2022\/05\/mo-duong-thang-loi.png\" class=\"attachment-large size-large\" alt=\"\" loading=\"lazy\" \/>\t\t\t\t\t\t\n\t\t\t\t\t<\/div>\n\t\t\t\t\t\t\t\t\n<style>\n#image_600766281 {\n  width: 100%;\n}\n<\/style>\n\t<\/div>\n\t\n<h4>M\u1edf \u0111\u01b0\u1eddng th\u1eafng l\u1ee3i<\/h4>\n\t<div class=\"img has-hover x md-x lg-x y md-y lg-y\" id=\"image_848755899\">\n\t\t\t\t\t\t\t\t<div class=\"img-inner dark\" >\n\t\t\t<img width=\"349\" height=\"228\" src=\"http:\/\/baotangdongque.vn\/wp-content\/uploads\/2022\/05\/bao-ve-chu-quen.png\" class=\"attachment-large size-large\" alt=\"\" loading=\"lazy\" \/>\t\t\t\t\t\t\n\t\t\t\t\t<\/div>\n\t\t\t\t\t\t\t\t\n<style>\n#image_848755899 {\n  width: 100%;\n}\n<\/style>\n\t<\/div>\n\t\n<h4>B\u1ea3o v\u1ec7 ch\u1ee7 quy\u1ec1n bi\u1ec3n \u0111\u1ea3o c\u1ee7a T\u1ed5 Qu\u1ed1c<\/h4>\n\t\t<\/div>\n\t\t\t<\/div>\n\n\t\n<\/div>\n","protected":false},"excerpt":{"rendered":"","protected":false},"author":1,"featured_media":0,"parent":0,"menu_order":0,"comment_status":"closed","ping_status":"closed","template":"","meta":[],"_links":{"self":[{"href":"http:\/\/baotangdongque.vn\/index.php?rest_route=\/wp\/v2\/pages\/579"}],"collection":[{"href":"http:\/\/baotangdongque.vn\/index.php?rest_route=\/wp\/v2\/pages"}],"about":[{"href":"http:\/\/baotangdongque.vn\/index.php?rest_route=\/wp\/v2\/types\/page"}],"author":[{"embeddable":true,"href":"http:\/\/baotangdongque.vn\/index.php?rest_route=\/wp\/v2\/users\/1"}],"replies":[{"embeddable":true,"href":"http:\/\/baotangdongque.vn\/index.php?rest_route=%2Fwp%2Fv2%2Fcomments&post=579"}],"version-history":[{"count":2,"href":"http:\/\/baotangdongque.vn\/index.php?rest_route=\/wp\/v2\/pages\/579\/revisions"}],"predecessor-version":[{"id":585,"href":"http:\/\/baotangdongque.vn\/index.php?rest_route=\/wp\/v2\/pages\/579\/revisions\/585"}],"wp:attachment":[{"href":"http:\/\/baotangdongque.vn\/index.php?rest_route=%2Fwp%2Fv2%2Fmedia&parent=579"}],"curies":[{"name":"wp","href":"https:\/\/api.w.org\/{rel}","templated":true}]}}